{"id":1120,"date":"2023-04-28T17:29:20","date_gmt":"2023-04-28T21:29:20","guid":{"rendered":"https:\/\/empowerists.com\/parcours-des-employes\/"},"modified":"2023-05-11T15:35:54","modified_gmt":"2023-05-11T19:35:54","slug":"parcours-de-lemploye","status":"publish","type":"page","link":"https:\/\/empowerists.com\/fr\/parcours-de-lemploye\/","title":{"rendered":"Parcours de l&#8217;employ\u00e9"},"content":{"rendered":"<section class=\"l-section wpb_row height_medium\"><div class=\"l-section-h i-cf\"><div class=\"g-cols vc_row via_grid cols_1 laptops-cols_inherit tablets-cols_inherit mobiles-cols_1 valign_top type_default stacking_default\"><div class=\"wpb_column vc_column_container\"><div class=\"vc_column-inner\"><div class=\"w-grid us_grid type_grid layout_blog_1 cols_3 pagination_regular preload_style_spinner\" id=\"us_grid_1\" style=\"--columns:3;--gap:1.5rem;\" data-filterable=\"true\"><style>@media (max-width:1024px){#us_grid_1{--columns:2!important}}@media (max-width:600px){#us_grid_1{--columns:1!important}}.layout_blog_1 .w-grid-item-h{}.layout_blog_1 .usg_post_image_1{margin-bottom:0.5rem!important}.layout_blog_1 .usg_post_title_1{font-size:1rem!important}<\/style><div class=\"w-grid-list\">\t<article class=\"w-grid-item size_1x1 post-1978 us_portfolio type-us_portfolio status-publish has-post-thumbnail hentry us_portfolio_category-parcours-du-salarie\" data-id=\"1978\">\r\n\t\t<div class=\"w-grid-item-h\">\r\n\t\t\t\t\t\t<div class=\"w-post-elm post_image usg_post_image_1 stretched\"><a href=\"https:\/\/empowerists.com\/fr\/journey\/tanvi-dongrey\/\" aria-label=\"Tanvi Dongrey\"><img loading=\"lazy\" decoding=\"async\" width=\"1024\" height=\"683\" src=\"https:\/\/empowerists.com\/wp-content\/uploads\/2023\/12\/Tanvi-FR-1024x683.jpg\" class=\"attachment-large size-large wp-post-image\" alt=\"\" srcset=\"https:\/\/empowerists.com\/wp-content\/uploads\/2023\/12\/Tanvi-FR-1024x683.jpg 1024w, https:\/\/empowerists.com\/wp-content\/uploads\/2023\/12\/Tanvi-FR-300x200.jpg 300w, https:\/\/empowerists.com\/wp-content\/uploads\/2023\/12\/Tanvi-FR-400x267.jpg 400w, https:\/\/empowerists.com\/wp-content\/uploads\/2023\/12\/Tanvi-FR-200x133.jpg 200w, https:\/\/empowerists.com\/wp-content\/uploads\/2023\/12\/Tanvi-FR-225x150.jpg 225w, https:\/\/empowerists.com\/wp-content\/uploads\/2023\/12\/Tanvi-FR-600x400.jpg 600w, https:\/\/empowerists.com\/wp-content\/uploads\/2023\/12\/Tanvi-FR-180x120.jpg 180w, https:\/\/empowerists.com\/wp-content\/uploads\/2023\/12\/Tanvi-FR.jpg 1200w\" sizes=\"auto, (max-width: 1024px) 100vw, 1024px\" \/><\/a><\/div><h2 class=\"w-post-elm post_title usg_post_title_1 entry-title color_link_inherit\"><a href=\"https:\/\/empowerists.com\/fr\/journey\/tanvi-dongrey\/\">Tanvi Dongrey<\/a><\/h2>\t\t<\/div>\r\n\t\t\t<\/article>\r\n\t<article class=\"w-grid-item size_1x1 post-1986 us_portfolio type-us_portfolio status-publish has-post-thumbnail hentry us_portfolio_category-parcours-du-salarie\" data-id=\"1986\">\r\n\t\t<div class=\"w-grid-item-h\">\r\n\t\t\t\t\t\t<div class=\"w-post-elm post_image usg_post_image_1 stretched\"><a href=\"https:\/\/empowerists.com\/fr\/journey\/dylan-pinsonneault\/\" aria-label=\"Dylan Pinsonneault\"><img loading=\"lazy\" decoding=\"async\" width=\"1024\" height=\"683\" src=\"https:\/\/empowerists.com\/wp-content\/uploads\/2023\/11\/Dylan-Employee-journeyFR-1024x683.jpg\" class=\"attachment-large size-large wp-post-image\" alt=\"\" srcset=\"https:\/\/empowerists.com\/wp-content\/uploads\/2023\/11\/Dylan-Employee-journeyFR-1024x683.jpg 1024w, https:\/\/empowerists.com\/wp-content\/uploads\/2023\/11\/Dylan-Employee-journeyFR-300x200.jpg 300w, https:\/\/empowerists.com\/wp-content\/uploads\/2023\/11\/Dylan-Employee-journeyFR-400x267.jpg 400w, https:\/\/empowerists.com\/wp-content\/uploads\/2023\/11\/Dylan-Employee-journeyFR-200x133.jpg 200w, https:\/\/empowerists.com\/wp-content\/uploads\/2023\/11\/Dylan-Employee-journeyFR-225x150.jpg 225w, https:\/\/empowerists.com\/wp-content\/uploads\/2023\/11\/Dylan-Employee-journeyFR-600x400.jpg 600w, https:\/\/empowerists.com\/wp-content\/uploads\/2023\/11\/Dylan-Employee-journeyFR-180x120.jpg 180w, https:\/\/empowerists.com\/wp-content\/uploads\/2023\/11\/Dylan-Employee-journeyFR.jpg 1200w\" sizes=\"auto, (max-width: 1024px) 100vw, 1024px\" \/><\/a><\/div><h2 class=\"w-post-elm post_title usg_post_title_1 entry-title color_link_inherit\"><a href=\"https:\/\/empowerists.com\/fr\/journey\/dylan-pinsonneault\/\">Dylan Pinsonneault<\/a><\/h2>\t\t<\/div>\r\n\t\t\t<\/article>\r\n\t<article class=\"w-grid-item size_1x1 post-1932 us_portfolio type-us_portfolio status-publish has-post-thumbnail hentry us_portfolio_category-parcours-du-salarie\" data-id=\"1932\">\r\n\t\t<div class=\"w-grid-item-h\">\r\n\t\t\t\t\t\t<div class=\"w-post-elm post_image usg_post_image_1 stretched\"><a href=\"https:\/\/empowerists.com\/fr\/journey\/vikas-pattanda-d\/\" aria-label=\"Vikas Pattanda D\"><img loading=\"lazy\" decoding=\"async\" width=\"1024\" height=\"683\" src=\"https:\/\/empowerists.com\/wp-content\/uploads\/2023\/11\/Vikas-journey-FR-1024x683.jpg\" class=\"attachment-large size-large wp-post-image\" alt=\"\" srcset=\"https:\/\/empowerists.com\/wp-content\/uploads\/2023\/11\/Vikas-journey-FR-1024x683.jpg 1024w, https:\/\/empowerists.com\/wp-content\/uploads\/2023\/11\/Vikas-journey-FR-300x200.jpg 300w, https:\/\/empowerists.com\/wp-content\/uploads\/2023\/11\/Vikas-journey-FR-400x267.jpg 400w, https:\/\/empowerists.com\/wp-content\/uploads\/2023\/11\/Vikas-journey-FR-200x133.jpg 200w, https:\/\/empowerists.com\/wp-content\/uploads\/2023\/11\/Vikas-journey-FR-225x150.jpg 225w, https:\/\/empowerists.com\/wp-content\/uploads\/2023\/11\/Vikas-journey-FR-600x400.jpg 600w, https:\/\/empowerists.com\/wp-content\/uploads\/2023\/11\/Vikas-journey-FR-180x120.jpg 180w, https:\/\/empowerists.com\/wp-content\/uploads\/2023\/11\/Vikas-journey-FR.jpg 1200w\" sizes=\"auto, (max-width: 1024px) 100vw, 1024px\" \/><\/a><\/div><h2 class=\"w-post-elm post_title usg_post_title_1 entry-title color_link_inherit\"><a href=\"https:\/\/empowerists.com\/fr\/journey\/vikas-pattanda-d\/\">Vikas Pattanda D<\/a><\/h2>\t\t<\/div>\r\n\t\t\t<\/article>\r\n\t<article class=\"w-grid-item size_1x1 post-1790 us_portfolio type-us_portfolio status-publish has-post-thumbnail hentry us_portfolio_category-parcours-du-salarie\" data-id=\"1790\">\r\n\t\t<div class=\"w-grid-item-h\">\r\n\t\t\t\t\t\t<div class=\"w-post-elm post_image usg_post_image_1 stretched\"><a href=\"https:\/\/empowerists.com\/fr\/journey\/bhavik-kaklotar\/\" aria-label=\"Bhavik Kaklotar\"><img loading=\"lazy\" decoding=\"async\" width=\"1024\" height=\"683\" src=\"https:\/\/empowerists.com\/wp-content\/uploads\/2023\/10\/Bhavik-journey-FR2-1024x683.jpg\" class=\"attachment-large size-large wp-post-image\" alt=\"\" srcset=\"https:\/\/empowerists.com\/wp-content\/uploads\/2023\/10\/Bhavik-journey-FR2-1024x683.jpg 1024w, https:\/\/empowerists.com\/wp-content\/uploads\/2023\/10\/Bhavik-journey-FR2-300x200.jpg 300w, https:\/\/empowerists.com\/wp-content\/uploads\/2023\/10\/Bhavik-journey-FR2-400x267.jpg 400w, https:\/\/empowerists.com\/wp-content\/uploads\/2023\/10\/Bhavik-journey-FR2-200x133.jpg 200w, https:\/\/empowerists.com\/wp-content\/uploads\/2023\/10\/Bhavik-journey-FR2-225x150.jpg 225w, https:\/\/empowerists.com\/wp-content\/uploads\/2023\/10\/Bhavik-journey-FR2-600x400.jpg 600w, https:\/\/empowerists.com\/wp-content\/uploads\/2023\/10\/Bhavik-journey-FR2-180x120.jpg 180w, https:\/\/empowerists.com\/wp-content\/uploads\/2023\/10\/Bhavik-journey-FR2.jpg 1200w\" sizes=\"auto, (max-width: 1024px) 100vw, 1024px\" \/><\/a><\/div><h2 class=\"w-post-elm post_title usg_post_title_1 entry-title color_link_inherit\"><a href=\"https:\/\/empowerists.com\/fr\/journey\/bhavik-kaklotar\/\">Bhavik Kaklotar<\/a><\/h2>\t\t<\/div>\r\n\t\t\t<\/article>\r\n\t<article class=\"w-grid-item size_1x1 post-1706 us_portfolio type-us_portfolio status-publish has-post-thumbnail hentry us_portfolio_category-parcours-du-salarie\" data-id=\"1706\">\r\n\t\t<div class=\"w-grid-item-h\">\r\n\t\t\t\t\t\t<div class=\"w-post-elm post_image usg_post_image_1 stretched\"><a href=\"https:\/\/empowerists.com\/fr\/journey\/parma-dutta-sharma\/\" aria-label=\"Parma Dutta Sharma\"><img loading=\"lazy\" decoding=\"async\" width=\"1024\" height=\"683\" src=\"https:\/\/empowerists.com\/wp-content\/uploads\/2023\/09\/Parmas-journey-FR-1024x683.jpg\" class=\"attachment-large size-large wp-post-image\" alt=\"\" srcset=\"https:\/\/empowerists.com\/wp-content\/uploads\/2023\/09\/Parmas-journey-FR-1024x683.jpg 1024w, https:\/\/empowerists.com\/wp-content\/uploads\/2023\/09\/Parmas-journey-FR-300x200.jpg 300w, https:\/\/empowerists.com\/wp-content\/uploads\/2023\/09\/Parmas-journey-FR-400x267.jpg 400w, https:\/\/empowerists.com\/wp-content\/uploads\/2023\/09\/Parmas-journey-FR-200x133.jpg 200w, https:\/\/empowerists.com\/wp-content\/uploads\/2023\/09\/Parmas-journey-FR-225x150.jpg 225w, https:\/\/empowerists.com\/wp-content\/uploads\/2023\/09\/Parmas-journey-FR-600x400.jpg 600w, https:\/\/empowerists.com\/wp-content\/uploads\/2023\/09\/Parmas-journey-FR.jpg 1200w\" sizes=\"auto, (max-width: 1024px) 100vw, 1024px\" \/><\/a><\/div><h2 class=\"w-post-elm post_title usg_post_title_1 entry-title color_link_inherit\"><a href=\"https:\/\/empowerists.com\/fr\/journey\/parma-dutta-sharma\/\">Parma Dutta Sharma<\/a><\/h2>\t\t<\/div>\r\n\t\t\t<\/article>\r\n\t<article class=\"w-grid-item size_1x1 post-1040 us_portfolio type-us_portfolio status-publish has-post-thumbnail hentry us_portfolio_category-parcours-du-salarie\" data-id=\"1040\">\r\n\t\t<div class=\"w-grid-item-h\">\r\n\t\t\t\t\t\t<div class=\"w-post-elm post_image usg_post_image_1 stretched\"><a href=\"https:\/\/empowerists.com\/fr\/journey\/andy-prince\/\" aria-label=\"Andy Prince\"><img loading=\"lazy\" decoding=\"async\" width=\"1024\" height=\"683\" src=\"https:\/\/empowerists.com\/wp-content\/uploads\/2023\/04\/Andy-Bio-FR-1024x683.jpg\" class=\"attachment-large size-large wp-post-image\" alt=\"\" srcset=\"https:\/\/empowerists.com\/wp-content\/uploads\/2023\/04\/Andy-Bio-FR-1024x683.jpg 1024w, https:\/\/empowerists.com\/wp-content\/uploads\/2023\/04\/Andy-Bio-FR-300x200.jpg 300w, https:\/\/empowerists.com\/wp-content\/uploads\/2023\/04\/Andy-Bio-FR-400x267.jpg 400w, https:\/\/empowerists.com\/wp-content\/uploads\/2023\/04\/Andy-Bio-FR-200x133.jpg 200w, https:\/\/empowerists.com\/wp-content\/uploads\/2023\/04\/Andy-Bio-FR-225x150.jpg 225w, https:\/\/empowerists.com\/wp-content\/uploads\/2023\/04\/Andy-Bio-FR-600x400.jpg 600w, https:\/\/empowerists.com\/wp-content\/uploads\/2023\/04\/Andy-Bio-FR.jpg 1200w\" sizes=\"auto, (max-width: 1024px) 100vw, 1024px\" \/><\/a><\/div><h2 class=\"w-post-elm post_title usg_post_title_1 entry-title color_link_inherit\"><a href=\"https:\/\/empowerists.com\/fr\/journey\/andy-prince\/\">Andy Prince<\/a><\/h2>\t\t<\/div>\r\n\t\t\t<\/article>\r\n\t<article class=\"w-grid-item size_1x1 post-1049 us_portfolio type-us_portfolio status-publish has-post-thumbnail hentry us_portfolio_category-parcours-du-salarie\" data-id=\"1049\">\r\n\t\t<div class=\"w-grid-item-h\">\r\n\t\t\t\t\t\t<div class=\"w-post-elm post_image usg_post_image_1 stretched\"><a href=\"https:\/\/empowerists.com\/fr\/journey\/joe-diab\/\" aria-label=\"Joe Diab\"><img loading=\"lazy\" decoding=\"async\" width=\"1024\" height=\"683\" src=\"https:\/\/empowerists.com\/wp-content\/uploads\/2023\/04\/Joe-Bio-FR-1024x683.jpg\" class=\"attachment-large size-large wp-post-image\" alt=\"\" srcset=\"https:\/\/empowerists.com\/wp-content\/uploads\/2023\/04\/Joe-Bio-FR-1024x683.jpg 1024w, https:\/\/empowerists.com\/wp-content\/uploads\/2023\/04\/Joe-Bio-FR-300x200.jpg 300w, https:\/\/empowerists.com\/wp-content\/uploads\/2023\/04\/Joe-Bio-FR-400x267.jpg 400w, https:\/\/empowerists.com\/wp-content\/uploads\/2023\/04\/Joe-Bio-FR-200x133.jpg 200w, https:\/\/empowerists.com\/wp-content\/uploads\/2023\/04\/Joe-Bio-FR-225x150.jpg 225w, https:\/\/empowerists.com\/wp-content\/uploads\/2023\/04\/Joe-Bio-FR-600x400.jpg 600w, https:\/\/empowerists.com\/wp-content\/uploads\/2023\/04\/Joe-Bio-FR.jpg 1200w\" sizes=\"auto, (max-width: 1024px) 100vw, 1024px\" \/><\/a><\/div><h2 class=\"w-post-elm post_title usg_post_title_1 entry-title color_link_inherit\"><a href=\"https:\/\/empowerists.com\/fr\/journey\/joe-diab\/\">Joe Diab<\/a><\/h2>\t\t<\/div>\r\n\t\t\t<\/article>\r\n<\/div>\t<div class=\"w-grid-preloader\">\r\n\t\t<div class=\"g-preloader type_1\">\r\n\t\t\t<div><\/div>\r\n\t\t<\/div>\r\n\t<\/div>\r\n\t\t<div class=\"w-grid-json hidden\" onclick='return {&quot;action&quot;:&quot;us_ajax_grid&quot;,&quot;infinite_scroll&quot;:0,&quot;max_num_pages&quot;:1,&quot;pagination&quot;:&quot;regular&quot;,&quot;template_vars&quot;:{&quot;columns&quot;:&quot;3&quot;,&quot;exclude_items&quot;:&quot;none&quot;,&quot;img_size&quot;:&quot;default&quot;,&quot;ignore_items_size&quot;:0,&quot;items_layout&quot;:&quot;blog_1&quot;,&quot;items_offset&quot;:&quot;1&quot;,&quot;load_animation&quot;:&quot;none&quot;,&quot;overriding_link&quot;:&quot;{\\&quot;url\\&quot;:\\&quot;\\&quot;}&quot;,&quot;post_id&quot;:0,&quot;query_args&quot;:{&quot;post_type&quot;:[&quot;us_portfolio&quot;],&quot;tax_query&quot;:[{&quot;taxonomy&quot;:&quot;us_portfolio_category&quot;,&quot;field&quot;:&quot;slug&quot;,&quot;terms&quot;:[&quot;parcours du salari\\u00e9&quot;]}],&quot;post_status&quot;:[&quot;publish&quot;],&quot;posts_per_page&quot;:&quot;10&quot;},&quot;orderby_query_args&quot;:{&quot;orderby&quot;:{&quot;date&quot;:&quot;DESC&quot;}},&quot;type&quot;:&quot;grid&quot;,&quot;us_grid_post_type&quot;:&quot;us_portfolio&quot;,&quot;us_grid_ajax_index&quot;:1,&quot;us_grid_filter_query_string&quot;:null,&quot;us_grid_index&quot;:1,&quot;page_args&quot;:[],&quot;lang&quot;:&quot;fr&quot;}}'><\/div>\r\n\t<\/div><\/div><\/div><\/div><\/div><\/section>\n","protected":false},"excerpt":{"rendered":"[vc_custom_heading text=\"Joe Diab, Empowerist\" use_theme_fonts=\"yes\"] Joe Diab est le fondateur de Empowerists (anciennement Diabsolut Inc.), une soci\u00e9t\u00e9 relationnelle qui aide \u00e0 d\u00e9velopper les individus et les entreprises. Ses qualit\u00e9s principales sont de servir, de construire et d&rsquo;encourager ses \u00e9quipes. Joe croit et adh\u00e8re \u00e0 la philosophie de Zig Ziglar. \u00ab On ne construit pas une...","protected":false},"author":5,"featured_media":1095,"parent":0,"menu_order":0,"comment_status":"closed","ping_status":"closed","template":"","meta":{"footnotes":""},"class_list":["post-1120","page","type-page","status-publish","has-post-thumbnail","hentry"],"yoast_head":"<!-- This site is optimized with the Yoast SEO plugin v26.4 - https:\/\/yoast.com\/wordpress\/plugins\/seo\/ -->\n<title>Parcours de l&#039;employ\u00e9 - Empowerists<\/title>\n<meta name=\"robots\" content=\"index, follow, max-snippet:-1, max-image-preview:large, max-video-preview:-1\" \/>\n<link rel=\"canonical\" href=\"https:\/\/empowerists.com\/fr\/parcours-de-lemploye\/\" \/>\n<meta property=\"og:locale\" content=\"fr_FR\" \/>\n<meta property=\"og:type\" content=\"article\" \/>\n<meta property=\"og:title\" content=\"Parcours de l&#039;employ\u00e9 - Empowerists\" \/>\n<meta property=\"og:url\" content=\"https:\/\/empowerists.com\/fr\/parcours-de-lemploye\/\" \/>\n<meta property=\"og:site_name\" content=\"Empowerists\" \/>\n<meta property=\"article:modified_time\" content=\"2023-05-11T19:35:54+00:00\" \/>\n<meta property=\"og:image\" content=\"https:\/\/empowerists.com\/wp-content\/uploads\/2023\/05\/Empowerists-French-Logo.png\" \/>\n\t<meta property=\"og:image:width\" content=\"1141\" \/>\n\t<meta property=\"og:image:height\" content=\"305\" \/>\n\t<meta property=\"og:image:type\" content=\"image\/png\" \/>\n<meta name=\"twitter:card\" content=\"summary_large_image\" \/>\n<meta name=\"twitter:label1\" content=\"Dur\u00e9e de lecture estim\u00e9e\" \/>\n\t<meta name=\"twitter:data1\" content=\"1 minute\" \/>\n<script type=\"application\/ld+json\" class=\"yoast-schema-graph\">{\"@context\":\"https:\/\/schema.org\",\"@graph\":[{\"@type\":\"WebPage\",\"@id\":\"https:\/\/empowerists.com\/fr\/parcours-de-lemploye\/\",\"url\":\"https:\/\/empowerists.com\/fr\/parcours-de-lemploye\/\",\"name\":\"Parcours de l'employ\u00e9 - Empowerists\",\"isPartOf\":{\"@id\":\"https:\/\/empowerists.com\/#website\"},\"primaryImageOfPage\":{\"@id\":\"https:\/\/empowerists.com\/fr\/parcours-de-lemploye\/#primaryimage\"},\"image\":{\"@id\":\"https:\/\/empowerists.com\/fr\/parcours-de-lemploye\/#primaryimage\"},\"thumbnailUrl\":\"https:\/\/empowerists.com\/wp-content\/uploads\/2023\/05\/Empowerists-French-Logo.png\",\"datePublished\":\"2023-04-28T21:29:20+00:00\",\"dateModified\":\"2023-05-11T19:35:54+00:00\",\"breadcrumb\":{\"@id\":\"https:\/\/empowerists.com\/fr\/parcours-de-lemploye\/#breadcrumb\"},\"inLanguage\":\"fr-FR\",\"potentialAction\":[{\"@type\":\"ReadAction\",\"target\":[\"https:\/\/empowerists.com\/fr\/parcours-de-lemploye\/\"]}]},{\"@type\":\"ImageObject\",\"inLanguage\":\"fr-FR\",\"@id\":\"https:\/\/empowerists.com\/fr\/parcours-de-lemploye\/#primaryimage\",\"url\":\"https:\/\/empowerists.com\/wp-content\/uploads\/2023\/05\/Empowerists-French-Logo.png\",\"contentUrl\":\"https:\/\/empowerists.com\/wp-content\/uploads\/2023\/05\/Empowerists-French-Logo.png\",\"width\":1141,\"height\":305,\"caption\":\"Empowerists logo in French\"},{\"@type\":\"BreadcrumbList\",\"@id\":\"https:\/\/empowerists.com\/fr\/parcours-de-lemploye\/#breadcrumb\",\"itemListElement\":[{\"@type\":\"ListItem\",\"position\":1,\"name\":\"Home\",\"item\":\"https:\/\/empowerists.com\/fr\/\"},{\"@type\":\"ListItem\",\"position\":2,\"name\":\"Parcours de l&#8217;employ\u00e9\"}]},{\"@type\":\"WebSite\",\"@id\":\"https:\/\/empowerists.com\/#website\",\"url\":\"https:\/\/empowerists.com\/\",\"name\":\"Empowerists\",\"description\":\"Empowering People and Businesses\",\"potentialAction\":[{\"@type\":\"SearchAction\",\"target\":{\"@type\":\"EntryPoint\",\"urlTemplate\":\"https:\/\/empowerists.com\/?s={search_term_string}\"},\"query-input\":{\"@type\":\"PropertyValueSpecification\",\"valueRequired\":true,\"valueName\":\"search_term_string\"}}],\"inLanguage\":\"fr-FR\"}]}<\/script>\n<!-- \/ Yoast SEO plugin. -->","yoast_head_json":{"title":"Parcours de l'employ\u00e9 - Empowerists","robots":{"index":"index","follow":"follow","max-snippet":"max-snippet:-1","max-image-preview":"max-image-preview:large","max-video-preview":"max-video-preview:-1"},"canonical":"https:\/\/empowerists.com\/fr\/parcours-de-lemploye\/","og_locale":"fr_FR","og_type":"article","og_title":"Parcours de l'employ\u00e9 - Empowerists","og_url":"https:\/\/empowerists.com\/fr\/parcours-de-lemploye\/","og_site_name":"Empowerists","article_modified_time":"2023-05-11T19:35:54+00:00","og_image":[{"width":1141,"height":305,"url":"https:\/\/empowerists.com\/wp-content\/uploads\/2023\/05\/Empowerists-French-Logo.png","type":"image\/png"}],"twitter_card":"summary_large_image","twitter_misc":{"Dur\u00e9e de lecture estim\u00e9e":"1 minute"},"schema":{"@context":"https:\/\/schema.org","@graph":[{"@type":"WebPage","@id":"https:\/\/empowerists.com\/fr\/parcours-de-lemploye\/","url":"https:\/\/empowerists.com\/fr\/parcours-de-lemploye\/","name":"Parcours de l'employ\u00e9 - Empowerists","isPartOf":{"@id":"https:\/\/empowerists.com\/#website"},"primaryImageOfPage":{"@id":"https:\/\/empowerists.com\/fr\/parcours-de-lemploye\/#primaryimage"},"image":{"@id":"https:\/\/empowerists.com\/fr\/parcours-de-lemploye\/#primaryimage"},"thumbnailUrl":"https:\/\/empowerists.com\/wp-content\/uploads\/2023\/05\/Empowerists-French-Logo.png","datePublished":"2023-04-28T21:29:20+00:00","dateModified":"2023-05-11T19:35:54+00:00","breadcrumb":{"@id":"https:\/\/empowerists.com\/fr\/parcours-de-lemploye\/#breadcrumb"},"inLanguage":"fr-FR","potentialAction":[{"@type":"ReadAction","target":["https:\/\/empowerists.com\/fr\/parcours-de-lemploye\/"]}]},{"@type":"ImageObject","inLanguage":"fr-FR","@id":"https:\/\/empowerists.com\/fr\/parcours-de-lemploye\/#primaryimage","url":"https:\/\/empowerists.com\/wp-content\/uploads\/2023\/05\/Empowerists-French-Logo.png","contentUrl":"https:\/\/empowerists.com\/wp-content\/uploads\/2023\/05\/Empowerists-French-Logo.png","width":1141,"height":305,"caption":"Empowerists logo in French"},{"@type":"BreadcrumbList","@id":"https:\/\/empowerists.com\/fr\/parcours-de-lemploye\/#breadcrumb","itemListElement":[{"@type":"ListItem","position":1,"name":"Home","item":"https:\/\/empowerists.com\/fr\/"},{"@type":"ListItem","position":2,"name":"Parcours de l&#8217;employ\u00e9"}]},{"@type":"WebSite","@id":"https:\/\/empowerists.com\/#website","url":"https:\/\/empowerists.com\/","name":"Empowerists","description":"Empowering People and Businesses","potentialAction":[{"@type":"SearchAction","target":{"@type":"EntryPoint","urlTemplate":"https:\/\/empowerists.com\/?s={search_term_string}"},"query-input":{"@type":"PropertyValueSpecification","valueRequired":true,"valueName":"search_term_string"}}],"inLanguage":"fr-FR"}]}},"_links":{"self":[{"href":"https:\/\/empowerists.com\/fr\/wp-json\/wp\/v2\/pages\/1120","targetHints":{"allow":["GET"]}}],"collection":[{"href":"https:\/\/empowerists.com\/fr\/wp-json\/wp\/v2\/pages"}],"about":[{"href":"https:\/\/empowerists.com\/fr\/wp-json\/wp\/v2\/types\/page"}],"author":[{"embeddable":true,"href":"https:\/\/empowerists.com\/fr\/wp-json\/wp\/v2\/users\/5"}],"replies":[{"embeddable":true,"href":"https:\/\/empowerists.com\/fr\/wp-json\/wp\/v2\/comments?post=1120"}],"version-history":[{"count":4,"href":"https:\/\/empowerists.com\/fr\/wp-json\/wp\/v2\/pages\/1120\/revisions"}],"predecessor-version":[{"id":1124,"href":"https:\/\/empowerists.com\/fr\/wp-json\/wp\/v2\/pages\/1120\/revisions\/1124"}],"wp:featuredmedia":[{"embeddable":true,"href":"https:\/\/empowerists.com\/fr\/wp-json\/wp\/v2\/media\/1095"}],"wp:attachment":[{"href":"https:\/\/empowerists.com\/fr\/wp-json\/wp\/v2\/media?parent=1120"}],"curies":[{"name":"wp","href":"https:\/\/api.w.org\/{rel}","templated":true}]}}