{"id":1096,"date":"2023-05-09T08:24:31","date_gmt":"2023-05-09T12:24:31","guid":{"rendered":"https:\/\/empowerists.com\/les-personnes\/"},"modified":"2023-09-11T15:46:07","modified_gmt":"2023-09-11T19:46:07","slug":"personnel","status":"publish","type":"page","link":"https:\/\/empowerists.com\/fr\/personnel\/","title":{"rendered":"Personnel"},"content":{"rendered":"<section class=\"l-section wpb_row height_large with_img\"><div class=\"l-section-img\" role=\"img\" aria-label=\"Image\" data-img-width=\"2000\" data-img-height=\"848\" style=\"background-image: url(https:\/\/empowerists.com\/wp-content\/uploads\/2023\/05\/people-main.jpg);\"><\/div><div class=\"l-section-h i-cf\"><div class=\"g-cols vc_row via_grid cols_1 laptops-cols_inherit tablets-cols_inherit mobiles-cols_1 valign_top type_default stacking_default\"><div class=\"wpb_column vc_column_container\"><div class=\"vc_column-inner\"><div class=\"ult-spacer spacer-69de25afe0d01\" data-id=\"69de25afe0d01\" data-height=\"40\" data-height-mobile=\"40\" data-height-tab=\"40\" data-height-tab-portrait=\"\" data-height-mobile-landscape=\"\" style=\"clear:both;display:block;\"><\/div><div class=\"g-cols wpb_row via_grid cols_1 laptops-cols_inherit tablets-cols_inherit mobiles-cols_1 valign_top type_default stacking_default\" style=\"--columns-gap:3rem;\"><div class=\"wpb_column vc_column_container\"><div class=\"vc_column-inner\">[vc_custom_heading text=\u00a0\u00bbUne culture ax\u00e9e sur la croissance\u00a0\u00bb css=\u00a0\u00bb%7B%22default%22%3A%7B%22color%22%3A%22%23063a6d%22%2C%22font-size%22%3A%2260px%22%2C%22font-family%22%3A%22h1%22%2C%22font-weight%22%3A%22300%22%2C%22margin-bottom%22%3A%220px%22%2C%22padding-bottom%22%3A%220px%22%7D%2C%22laptops%22%3A%7B%22color%22%3A%22%23063a6d%22%2C%22font-size%22%3A%2260px%22%2C%22font-family%22%3A%22h1%22%2C%22font-weight%22%3A%22300%22%7D%2C%22tablets%22%3A%7B%22color%22%3A%22%23063a6d%22%2C%22font-size%22%3A%2240px%22%2C%22font-family%22%3A%22h1%22%2C%22font-weight%22%3A%22300%22%7D%2C%22mobiles%22%3A%7B%22color%22%3A%22%23063a6d%22%2C%22font-size%22%3A%2234px%22%2C%22font-family%22%3A%22h1%22%2C%22font-weight%22%3A%22300%22%7D%7D\u00a0\u00bb]<div class=\"wpb_text_column us_custom_547b7396 has_text_color\"><div class=\"wpb_wrapper\"><p>Lib\u00e9rer le plein potentiel de notre personnel<\/p>\n<\/div><\/div><div class=\"ult-spacer spacer-69de25afe1978\" data-id=\"69de25afe1978\" data-height=\"30\" data-height-mobile=\"30\" data-height-tab=\"30\" data-height-tab-portrait=\"\" data-height-mobile-landscape=\"\" style=\"clear:both;display:block;\"><\/div><div class=\"w-btn-wrapper align_none\"><a class=\"w-btn us-btn-style_1\" target=\"_blank\" rel=\"nofollow\" href=\"mailto:talent@empowerists.com\"><span class=\"w-btn-label\">Postulez ici<\/span><\/a><\/div><\/div><\/div><\/div><div class=\"ult-spacer spacer-69de25afe1c8c\" data-id=\"69de25afe1c8c\" data-height=\"40\" data-height-mobile=\"40\" data-height-tab=\"40\" data-height-tab-portrait=\"\" data-height-mobile-landscape=\"\" style=\"clear:both;display:block;\"><\/div><\/div><\/div><\/div><\/div><\/section><section class=\"l-section wpb_row height_medium\"><div class=\"l-section-h i-cf\"><div class=\"g-cols vc_row via_grid cols_2 laptops-cols_inherit tablets-cols_inherit mobiles-cols_1 valign_top type_default stacking_default\"><div class=\"wpb_column vc_column_container\"><div class=\"vc_column-inner\"><div class=\"g-cols wpb_row via_grid cols_1-5 laptops-cols_inherit tablets-cols_inherit mobiles-cols_1 valign_top type_default stacking_default\" style=\"--columns-gap:3rem;\"><div class=\"wpb_column vc_column_container\"><div class=\"vc_column-inner\"><\/div><\/div><div class=\"wpb_column vc_column_container\"><div class=\"vc_column-inner\">[vc_custom_heading text=\u00a0\u00bbNotre mission : lib\u00e9rer le potentiel de chaque individu\u00a0\u00bb css=\u00a0\u00bb%7B%22default%22%3A%7B%22color%22%3A%22%23063a6d%22%2C%22font-size%22%3A%2260px%22%2C%22font-family%22%3A%22h1%22%2C%22font-weight%22%3A%22300%22%2C%22margin-bottom%22%3A%220px%22%2C%22padding-bottom%22%3A%220px%22%7D%2C%22laptops%22%3A%7B%22color%22%3A%22%23063a6d%22%2C%22font-size%22%3A%2260px%22%2C%22font-family%22%3A%22h1%22%2C%22font-weight%22%3A%22300%22%7D%2C%22tablets%22%3A%7B%22color%22%3A%22%23063a6d%22%2C%22font-size%22%3A%2240px%22%2C%22font-family%22%3A%22h1%22%2C%22font-weight%22%3A%22300%22%7D%2C%22mobiles%22%3A%7B%22color%22%3A%22%23063a6d%22%2C%22font-size%22%3A%2234px%22%2C%22font-family%22%3A%22h1%22%2C%22font-weight%22%3A%22300%22%7D%7D\u00a0\u00bb]<div class=\"ult-spacer spacer-69de25afe2dda\" data-id=\"69de25afe2dda\" data-height=\"30\" data-height-mobile=\"30\" data-height-tab=\"30\" data-height-tab-portrait=\"\" data-height-mobile-landscape=\"\" style=\"clear:both;display:block;\"><\/div><div class=\"w-btn-wrapper align_none\"><a class=\"w-btn us-btn-style_1\" target=\"_blank\" rel=\"nofollow\" href=\"https:\/\/empowerists.com\/employee-journeys\/\"><span class=\"w-btn-label\">Parcours de l&#8217;employ\u00e9<\/span><\/a><\/div><\/div><\/div><\/div><\/div><\/div><div class=\"wpb_column vc_column_container\"><div class=\"vc_column-inner\"><div class=\"g-cols wpb_row via_grid cols_5-1 laptops-cols_inherit tablets-cols_inherit mobiles-cols_1 valign_top type_default stacking_default\" style=\"--columns-gap:3rem;\"><div class=\"wpb_column vc_column_container\"><div class=\"vc_column-inner\"><div class=\"wpb_text_column\"><div class=\"wpb_wrapper\"><p><strong>\u00ab On ne<\/strong> <strong>cr\u00e9e pas une entreprise, on cr\u00e9e des individus, et ce sont eux qui cr\u00e9ent l&rsquo;entreprise \u00bb<\/strong>\u00a0est une citation que nous suivons \u00e0 la lettre. La preuve est faite dans toutes nos \u00e9quipes, nous poussons, nous soutenons, nous encourageons, mais quelle que soit la mani\u00e8re dont nous le faisons, nos collaborateurs grandissent et se d\u00e9veloppent.<\/p>\n<p>Investir en nos collaborateurs signifie consacrer du temps, des ressources et des efforts \u00e0 leur d\u00e9veloppement personnel et professionnel. Il s&rsquo;agit de leur offrir des possibilit\u00e9s d&rsquo;apprentissage et de d\u00e9veloppement, de leur permettre de s&rsquo;approprier leur travail et de cr\u00e9er une culture d&rsquo;entreprise positive qui favorise la collaboration.<\/p>\n<p>L&rsquo;une des fa\u00e7ons dont nous investissons en notre personnel est d&rsquo;offrir des programmes de formation qui correspondent \u00e0 leurs objectifs de carri\u00e8re. Nous encourageons les employ\u00e9s \u00e0 suivre des cours, des s\u00e9minaires ou des ateliers li\u00e9s \u00e0 leur domaine d&rsquo;int\u00e9r\u00eat, ce qui leur permet de d\u00e9velopper de nouvelles comp\u00e9tences et d&rsquo;acqu\u00e9rir des connaissances aupr\u00e8s d&rsquo;experts du secteur.<\/p>\n<p>Nous proposons \u00e9galement des programmes de mentorat dans lesquels les cadres sup\u00e9rieurs guident les jeunes employ\u00e9s sur la mani\u00e8re dont ils peuvent atteindre leurs objectifs professionnels. Cela cr\u00e9e un environnement o\u00f9 chacun se sent \u00e9cout\u00e9, valoris\u00e9 et soutenu tout au long de son parcours.<\/p>\n<\/div><\/div><\/div><\/div><div class=\"wpb_column vc_column_container\"><div class=\"vc_column-inner\"><\/div><\/div><\/div><\/div><\/div><\/div><\/div><\/section><section class=\"l-section wpb_row height_large with_shape\"><div class=\"l-section-overlay\" style=\"background:#f7fbff\"><\/div><div class=\"l-section-shape type_tilt pos_top hor_flip\" style=\"height:9vh;color:#fcfcfc\"><svg xmlns=\"http:\/\/www.w3.org\/2000\/svg\" viewBox=\"0 0 64 8\" preserveAspectRatio=\"none\" width=\"100%\" height=\"100%\">\r\n\t<path fill=\"currentColor\" d=\"M64 7.9 L64 10 L0 10 L0 0 Z\"\/>\r\n<\/svg><\/div><div class=\"l-section-h i-cf\"><div class=\"g-cols vc_row via_grid cols_1 laptops-cols_inherit tablets-cols_inherit mobiles-cols_1 valign_top type_default stacking_default\"><div class=\"wpb_column vc_column_container\"><div class=\"vc_column-inner\"><div class=\"ult-spacer spacer-69de25afe4080\" data-id=\"69de25afe4080\" data-height=\"30\" data-height-mobile=\"30\" data-height-tab=\"30\" data-height-tab-portrait=\"\" data-height-mobile-landscape=\"\" style=\"clear:both;display:block;\"><\/div><div class=\"g-cols wpb_row via_grid cols_3 laptops-cols_inherit tablets-cols_inherit mobiles-cols_1 valign_top type_default stacking_default\" style=\"--columns-gap:3rem;\"><div class=\"wpb_column vc_column_container\"><div class=\"vc_column-inner\"><div class=\"w-image align_none\"><div class=\"w-image-h\"><img decoding=\"async\" width=\"1000\" height=\"600\" src=\"https:\/\/empowerists.com\/wp-content\/uploads\/2023\/05\/culture2.jpg\" class=\"attachment-large size-large\" alt=\"\" loading=\"lazy\" srcset=\"https:\/\/empowerists.com\/wp-content\/uploads\/2023\/05\/culture2.jpg 1000w, https:\/\/empowerists.com\/wp-content\/uploads\/2023\/05\/culture2-300x180.jpg 300w, https:\/\/empowerists.com\/wp-content\/uploads\/2023\/05\/culture2-400x240.jpg 400w, https:\/\/empowerists.com\/wp-content\/uploads\/2023\/05\/culture2-200x120.jpg 200w, https:\/\/empowerists.com\/wp-content\/uploads\/2023\/05\/culture2-225x135.jpg 225w, https:\/\/empowerists.com\/wp-content\/uploads\/2023\/05\/culture2-600x360.jpg 600w\" sizes=\"auto, (max-width: 1000px) 100vw, 1000px\" \/><\/div><\/div>[vc_custom_heading text=\u00a0\u00bbNotre culture\u00a0\u00bb font_container=\u00a0\u00bbtag:h2|text_align:center\u00a0\u00bb use_theme_fonts=\u00a0\u00bbyes\u00a0\u00bb css=\u00a0\u00bb%7B%22default%22%3A%7B%22color%22%3A%22%23379683%22%2C%22font-size%22%3A%2240px%22%2C%22font-family%22%3A%22h1%22%2C%22margin-bottom%22%3A%220px%22%2C%22padding-bottom%22%3A%220px%22%7D%2C%22laptops%22%3A%7B%22color%22%3A%22%23379683%22%2C%22font-size%22%3A%2240px%22%2C%22font-family%22%3A%22h1%22%7D%2C%22tablets%22%3A%7B%22color%22%3A%22%23379683%22%2C%22font-size%22%3A%2240px%22%2C%22font-family%22%3A%22h1%22%7D%2C%22mobiles%22%3A%7B%22color%22%3A%22%23379683%22%2C%22font-size%22%3A%2234px%22%2C%22font-family%22%3A%22h1%22%7D%7D\u00a0\u00bb]<div class=\"ult-spacer spacer-69de25afe4ca6\" data-id=\"69de25afe4ca6\" data-height=\"30\" data-height-mobile=\"30\" data-height-tab=\"30\" data-height-tab-portrait=\"\" data-height-mobile-landscape=\"\" style=\"clear:both;display:block;\"><\/div><div class=\"wpb_text_column\"><div class=\"wpb_wrapper\"><p style=\"text-align: center;\">Soutenue par nos valeurs, notre culture est ax\u00e9e sur le d\u00e9veloppement de nos collaborateurs et sur l&rsquo;aide apport\u00e9e \u00e0 nos clients pour qu&rsquo;ils r\u00e9ussissent.<\/p>\n<\/div><\/div><\/div><\/div><div class=\"wpb_column vc_column_container\"><div class=\"vc_column-inner\"><div class=\"w-image align_none\"><div class=\"w-image-h\"><img decoding=\"async\" width=\"1000\" height=\"600\" src=\"https:\/\/empowerists.com\/wp-content\/uploads\/2023\/05\/Support2.jpg\" class=\"attachment-large size-large\" alt=\"\" loading=\"lazy\" srcset=\"https:\/\/empowerists.com\/wp-content\/uploads\/2023\/05\/Support2.jpg 1000w, https:\/\/empowerists.com\/wp-content\/uploads\/2023\/05\/Support2-300x180.jpg 300w, https:\/\/empowerists.com\/wp-content\/uploads\/2023\/05\/Support2-400x240.jpg 400w, https:\/\/empowerists.com\/wp-content\/uploads\/2023\/05\/Support2-200x120.jpg 200w, https:\/\/empowerists.com\/wp-content\/uploads\/2023\/05\/Support2-225x135.jpg 225w, https:\/\/empowerists.com\/wp-content\/uploads\/2023\/05\/Support2-600x360.jpg 600w\" sizes=\"auto, (max-width: 1000px) 100vw, 1000px\" \/><\/div><\/div>[vc_custom_heading text=\u00a0\u00bbNotre soutien\u00a0\u00bb font_container=\u00a0\u00bbtag:h2|text_align:center\u00a0\u00bb use_theme_fonts=\u00a0\u00bbyes\u00a0\u00bb css=\u00a0\u00bb%7B%22default%22%3A%7B%22color%22%3A%22%23379683%22%2C%22font-size%22%3A%2240px%22%2C%22font-family%22%3A%22h1%22%2C%22margin-bottom%22%3A%220px%22%2C%22padding-bottom%22%3A%220px%22%7D%2C%22laptops%22%3A%7B%22color%22%3A%22%23379683%22%2C%22font-size%22%3A%2240px%22%2C%22font-family%22%3A%22h1%22%7D%2C%22tablets%22%3A%7B%22color%22%3A%22%23379683%22%2C%22font-size%22%3A%2240px%22%2C%22font-family%22%3A%22h1%22%7D%2C%22mobiles%22%3A%7B%22color%22%3A%22%23379683%22%2C%22font-size%22%3A%2224px%22%2C%22font-family%22%3A%22h1%22%7D%7D\u00a0\u00bb]<div class=\"ult-spacer spacer-69de25afe5776\" data-id=\"69de25afe5776\" data-height=\"30\" data-height-mobile=\"30\" data-height-tab=\"30\" data-height-tab-portrait=\"\" data-height-mobile-landscape=\"\" style=\"clear:both;display:block;\"><\/div><div class=\"wpb_text_column\"><div class=\"wpb_wrapper\"><p style=\"text-align: center;\">Nous disposons d&rsquo;une solide infrastructure de soutien qui comprend notre \u00e9quipe \u00ab\u00a0Relations employ\u00e9s\u00a0\u00bb. Ceci comprend des programmes d&rsquo;apprentissage et de d\u00e9veloppement, un soutien en mati\u00e8re de sant\u00e9 mentale, des programmes de mentorat, un centre d&rsquo;innovation et une \u00e9quipe technique en Inde. Tout cela pour un but commun : donner \u00e0 nos collaborateurs les moyens de se d\u00e9velopper et de faire cro\u00eetre notre portefolio d&rsquo;entreprises.<\/p>\n<\/div><\/div><\/div><\/div><div class=\"wpb_column vc_column_container\"><div class=\"vc_column-inner\"><div class=\"w-image align_none\"><div class=\"w-image-h\"><img decoding=\"async\" width=\"1000\" height=\"600\" src=\"https:\/\/empowerists.com\/wp-content\/uploads\/2023\/05\/rewards.jpg\" class=\"attachment-large size-large\" alt=\"\" loading=\"lazy\" srcset=\"https:\/\/empowerists.com\/wp-content\/uploads\/2023\/05\/rewards.jpg 1000w, https:\/\/empowerists.com\/wp-content\/uploads\/2023\/05\/rewards-300x180.jpg 300w, https:\/\/empowerists.com\/wp-content\/uploads\/2023\/05\/rewards-400x240.jpg 400w, https:\/\/empowerists.com\/wp-content\/uploads\/2023\/05\/rewards-200x120.jpg 200w, https:\/\/empowerists.com\/wp-content\/uploads\/2023\/05\/rewards-225x135.jpg 225w, https:\/\/empowerists.com\/wp-content\/uploads\/2023\/05\/rewards-600x360.jpg 600w\" sizes=\"auto, (max-width: 1000px) 100vw, 1000px\" \/><\/div><\/div>[vc_custom_heading text=\u00a0\u00bbProgramme de r\u00e9compenses\u00a0\u00bb font_container=\u00a0\u00bbtag:h2|text_align:center\u00a0\u00bb use_theme_fonts=\u00a0\u00bbyes\u00a0\u00bb css=\u00a0\u00bb%7B%22default%22%3A%7B%22color%22%3A%22%23379683%22%2C%22font-size%22%3A%2240px%22%2C%22font-family%22%3A%22h1%22%2C%22margin-bottom%22%3A%220px%22%2C%22padding-bottom%22%3A%220px%22%7D%2C%22laptops%22%3A%7B%22color%22%3A%22%23379683%22%2C%22font-size%22%3A%2240px%22%2C%22font-family%22%3A%22h1%22%7D%2C%22tablets%22%3A%7B%22color%22%3A%22%23379683%22%2C%22font-size%22%3A%2240px%22%2C%22font-family%22%3A%22h1%22%7D%2C%22mobiles%22%3A%7B%22color%22%3A%22%23379683%22%2C%22font-size%22%3A%2224px%22%2C%22font-family%22%3A%22h1%22%7D%7D\u00a0\u00bb]<div class=\"ult-spacer spacer-69de25afe619b\" data-id=\"69de25afe619b\" data-height=\"30\" data-height-mobile=\"30\" data-height-tab=\"30\" data-height-tab-portrait=\"\" data-height-mobile-landscape=\"\" style=\"clear:both;display:block;\"><\/div><div class=\"wpb_text_column\"><div class=\"wpb_wrapper\"><p style=\"text-align: center;\">Nous disposons d&rsquo;une plateforme interne d&rsquo;engagement et de reconnaissance des employ\u00e9s qui leur permet de se f\u00e9liciter mutuellement pour leur travail assidu.<\/p>\n<\/div><\/div><\/div><\/div><\/div><div class=\"ult-spacer spacer-69de25afe63cb\" data-id=\"69de25afe63cb\" data-height=\"10\" data-height-mobile=\"10\" data-height-tab=\"10\" data-height-tab-portrait=\"\" data-height-mobile-landscape=\"\" style=\"clear:both;display:block;\"><\/div><\/div><\/div><\/div><\/div><\/section>\n","protected":false},"excerpt":{"rendered":"[vc_custom_heading text=\"Une culture ax\u00e9e sur la croissance\" css=\"%7B%22default%22%3A%7B%22color%22%3A%22%23063a6d%22%2C%22font-size%22%3A%2260px%22%2C%22font-family%22%3A%22h1%22%2C%22font-weight%22%3A%22300%22%2C%22margin-bottom%22%3A%220px%22%2C%22padding-bottom%22%3A%220px%22%7D%2C%22laptops%22%3A%7B%22color%22%3A%22%23063a6d%22%2C%22font-size%22%3A%2260px%22%2C%22font-family%22%3A%22h1%22%2C%22font-weight%22%3A%22300%22%7D%2C%22tablets%22%3A%7B%22color%22%3A%22%23063a6d%22%2C%22font-size%22%3A%2240px%22%2C%22font-family%22%3A%22h1%22%2C%22font-weight%22%3A%22300%22%7D%2C%22mobiles%22%3A%7B%22color%22%3A%22%23063a6d%22%2C%22font-size%22%3A%2234px%22%2C%22font-family%22%3A%22h1%22%2C%22font-weight%22%3A%22300%22%7D%7D\"]Lib\u00e9rer le plein potentiel de notre personnel Postulez ici[vc_custom_heading text=\"Notre mission : lib\u00e9rer le potentiel de chaque individu\" css=\"%7B%22default%22%3A%7B%22color%22%3A%22%23063a6d%22%2C%22font-size%22%3A%2260px%22%2C%22font-family%22%3A%22h1%22%2C%22font-weight%22%3A%22300%22%2C%22margin-bottom%22%3A%220px%22%2C%22padding-bottom%22%3A%220px%22%7D%2C%22laptops%22%3A%7B%22color%22%3A%22%23063a6d%22%2C%22font-size%22%3A%2260px%22%2C%22font-family%22%3A%22h1%22%2C%22font-weight%22%3A%22300%22%7D%2C%22tablets%22%3A%7B%22color%22%3A%22%23063a6d%22%2C%22font-size%22%3A%2240px%22%2C%22font-family%22%3A%22h1%22%2C%22font-weight%22%3A%22300%22%7D%2C%22mobiles%22%3A%7B%22color%22%3A%22%23063a6d%22%2C%22font-size%22%3A%2234px%22%2C%22font-family%22%3A%22h1%22%2C%22font-weight%22%3A%22300%22%7D%7D\"]Parcours de l&#8217;employ\u00e9\u00ab On ne cr\u00e9e pas une entreprise, on cr\u00e9e des individus, et ce sont eux qui cr\u00e9ent l&rsquo;entreprise \u00bb\u00a0est une citation que nous suivons \u00e0 la lettre. La...","protected":false},"author":5,"featured_media":1095,"parent":0,"menu_order":0,"comment_status":"closed","ping_status":"closed","template":"","meta":{"footnotes":""},"class_list":["post-1096","page","type-page","status-publish","has-post-thumbnail","hentry"],"yoast_head":"<!-- This site is optimized with the Yoast SEO plugin v26.4 - https:\/\/yoast.com\/wordpress\/plugins\/seo\/ -->\n<title>Personnel - Empowerists<\/title>\n<meta name=\"robots\" content=\"index, follow, max-snippet:-1, max-image-preview:large, max-video-preview:-1\" \/>\n<link rel=\"canonical\" href=\"https:\/\/empowerists.com\/fr\/personnel\/\" \/>\n<meta property=\"og:locale\" content=\"fr_FR\" \/>\n<meta property=\"og:type\" content=\"article\" \/>\n<meta property=\"og:title\" content=\"Personnel - Empowerists\" \/>\n<meta property=\"og:url\" content=\"https:\/\/empowerists.com\/fr\/personnel\/\" \/>\n<meta property=\"og:site_name\" content=\"Empowerists\" \/>\n<meta property=\"article:modified_time\" content=\"2023-09-11T19:46:07+00:00\" \/>\n<meta property=\"og:image\" content=\"https:\/\/empowerists.com\/wp-content\/uploads\/2023\/05\/Empowerists-French-Logo.png\" \/>\n\t<meta property=\"og:image:width\" content=\"1141\" \/>\n\t<meta property=\"og:image:height\" content=\"305\" \/>\n\t<meta property=\"og:image:type\" content=\"image\/png\" \/>\n<meta name=\"twitter:card\" content=\"summary_large_image\" \/>\n<meta name=\"twitter:label1\" content=\"Dur\u00e9e de lecture estim\u00e9e\" \/>\n\t<meta name=\"twitter:data1\" content=\"2 minutes\" \/>\n<script type=\"application\/ld+json\" class=\"yoast-schema-graph\">{\"@context\":\"https:\/\/schema.org\",\"@graph\":[{\"@type\":\"WebPage\",\"@id\":\"https:\/\/empowerists.com\/fr\/personnel\/\",\"url\":\"https:\/\/empowerists.com\/fr\/personnel\/\",\"name\":\"Personnel - Empowerists\",\"isPartOf\":{\"@id\":\"https:\/\/empowerists.com\/#website\"},\"primaryImageOfPage\":{\"@id\":\"https:\/\/empowerists.com\/fr\/personnel\/#primaryimage\"},\"image\":{\"@id\":\"https:\/\/empowerists.com\/fr\/personnel\/#primaryimage\"},\"thumbnailUrl\":\"https:\/\/empowerists.com\/wp-content\/uploads\/2023\/05\/Empowerists-French-Logo.png\",\"datePublished\":\"2023-05-09T12:24:31+00:00\",\"dateModified\":\"2023-09-11T19:46:07+00:00\",\"breadcrumb\":{\"@id\":\"https:\/\/empowerists.com\/fr\/personnel\/#breadcrumb\"},\"inLanguage\":\"fr-FR\",\"potentialAction\":[{\"@type\":\"ReadAction\",\"target\":[\"https:\/\/empowerists.com\/fr\/personnel\/\"]}]},{\"@type\":\"ImageObject\",\"inLanguage\":\"fr-FR\",\"@id\":\"https:\/\/empowerists.com\/fr\/personnel\/#primaryimage\",\"url\":\"https:\/\/empowerists.com\/wp-content\/uploads\/2023\/05\/Empowerists-French-Logo.png\",\"contentUrl\":\"https:\/\/empowerists.com\/wp-content\/uploads\/2023\/05\/Empowerists-French-Logo.png\",\"width\":1141,\"height\":305,\"caption\":\"Empowerists logo in French\"},{\"@type\":\"BreadcrumbList\",\"@id\":\"https:\/\/empowerists.com\/fr\/personnel\/#breadcrumb\",\"itemListElement\":[{\"@type\":\"ListItem\",\"position\":1,\"name\":\"Home\",\"item\":\"https:\/\/empowerists.com\/fr\/\"},{\"@type\":\"ListItem\",\"position\":2,\"name\":\"Personnel\"}]},{\"@type\":\"WebSite\",\"@id\":\"https:\/\/empowerists.com\/#website\",\"url\":\"https:\/\/empowerists.com\/\",\"name\":\"Empowerists\",\"description\":\"Empowering People and Businesses\",\"potentialAction\":[{\"@type\":\"SearchAction\",\"target\":{\"@type\":\"EntryPoint\",\"urlTemplate\":\"https:\/\/empowerists.com\/?s={search_term_string}\"},\"query-input\":{\"@type\":\"PropertyValueSpecification\",\"valueRequired\":true,\"valueName\":\"search_term_string\"}}],\"inLanguage\":\"fr-FR\"}]}<\/script>\n<!-- \/ Yoast SEO plugin. -->","yoast_head_json":{"title":"Personnel - Empowerists","robots":{"index":"index","follow":"follow","max-snippet":"max-snippet:-1","max-image-preview":"max-image-preview:large","max-video-preview":"max-video-preview:-1"},"canonical":"https:\/\/empowerists.com\/fr\/personnel\/","og_locale":"fr_FR","og_type":"article","og_title":"Personnel - Empowerists","og_url":"https:\/\/empowerists.com\/fr\/personnel\/","og_site_name":"Empowerists","article_modified_time":"2023-09-11T19:46:07+00:00","og_image":[{"width":1141,"height":305,"url":"https:\/\/empowerists.com\/wp-content\/uploads\/2023\/05\/Empowerists-French-Logo.png","type":"image\/png"}],"twitter_card":"summary_large_image","twitter_misc":{"Dur\u00e9e de lecture estim\u00e9e":"2 minutes"},"schema":{"@context":"https:\/\/schema.org","@graph":[{"@type":"WebPage","@id":"https:\/\/empowerists.com\/fr\/personnel\/","url":"https:\/\/empowerists.com\/fr\/personnel\/","name":"Personnel - Empowerists","isPartOf":{"@id":"https:\/\/empowerists.com\/#website"},"primaryImageOfPage":{"@id":"https:\/\/empowerists.com\/fr\/personnel\/#primaryimage"},"image":{"@id":"https:\/\/empowerists.com\/fr\/personnel\/#primaryimage"},"thumbnailUrl":"https:\/\/empowerists.com\/wp-content\/uploads\/2023\/05\/Empowerists-French-Logo.png","datePublished":"2023-05-09T12:24:31+00:00","dateModified":"2023-09-11T19:46:07+00:00","breadcrumb":{"@id":"https:\/\/empowerists.com\/fr\/personnel\/#breadcrumb"},"inLanguage":"fr-FR","potentialAction":[{"@type":"ReadAction","target":["https:\/\/empowerists.com\/fr\/personnel\/"]}]},{"@type":"ImageObject","inLanguage":"fr-FR","@id":"https:\/\/empowerists.com\/fr\/personnel\/#primaryimage","url":"https:\/\/empowerists.com\/wp-content\/uploads\/2023\/05\/Empowerists-French-Logo.png","contentUrl":"https:\/\/empowerists.com\/wp-content\/uploads\/2023\/05\/Empowerists-French-Logo.png","width":1141,"height":305,"caption":"Empowerists logo in French"},{"@type":"BreadcrumbList","@id":"https:\/\/empowerists.com\/fr\/personnel\/#breadcrumb","itemListElement":[{"@type":"ListItem","position":1,"name":"Home","item":"https:\/\/empowerists.com\/fr\/"},{"@type":"ListItem","position":2,"name":"Personnel"}]},{"@type":"WebSite","@id":"https:\/\/empowerists.com\/#website","url":"https:\/\/empowerists.com\/","name":"Empowerists","description":"Empowering People and Businesses","potentialAction":[{"@type":"SearchAction","target":{"@type":"EntryPoint","urlTemplate":"https:\/\/empowerists.com\/?s={search_term_string}"},"query-input":{"@type":"PropertyValueSpecification","valueRequired":true,"valueName":"search_term_string"}}],"inLanguage":"fr-FR"}]}},"_links":{"self":[{"href":"https:\/\/empowerists.com\/fr\/wp-json\/wp\/v2\/pages\/1096","targetHints":{"allow":["GET"]}}],"collection":[{"href":"https:\/\/empowerists.com\/fr\/wp-json\/wp\/v2\/pages"}],"about":[{"href":"https:\/\/empowerists.com\/fr\/wp-json\/wp\/v2\/types\/page"}],"author":[{"embeddable":true,"href":"https:\/\/empowerists.com\/fr\/wp-json\/wp\/v2\/users\/5"}],"replies":[{"embeddable":true,"href":"https:\/\/empowerists.com\/fr\/wp-json\/wp\/v2\/comments?post=1096"}],"version-history":[{"count":14,"href":"https:\/\/empowerists.com\/fr\/wp-json\/wp\/v2\/pages\/1096\/revisions"}],"predecessor-version":[{"id":1673,"href":"https:\/\/empowerists.com\/fr\/wp-json\/wp\/v2\/pages\/1096\/revisions\/1673"}],"wp:featuredmedia":[{"embeddable":true,"href":"https:\/\/empowerists.com\/fr\/wp-json\/wp\/v2\/media\/1095"}],"wp:attachment":[{"href":"https:\/\/empowerists.com\/fr\/wp-json\/wp\/v2\/media?parent=1096"}],"curies":[{"name":"wp","href":"https:\/\/api.w.org\/{rel}","templated":true}]}}